{"id":30,"date":"2025-05-29T10:20:10","date_gmt":"2025-05-29T10:20:10","guid":{"rendered":"https:\/\/powerprobe.com\/pagina-de-ejemplo\/"},"modified":"2025-08-18T17:56:44","modified_gmt":"2025-08-18T17:56:44","slug":"pagina-de-ejemplo","status":"publish","type":"page","link":"https:\/\/powerprobe.com\/es\/","title":{"rendered":"inicio"},"content":{"rendered":"\t\t<div data-elementor-type=\"wp-post\" data-elementor-id=\"30\" class=\"elementor elementor-30 elementor-16\" data-elementor-post-type=\"page\">\n\t\t\t\t<div class=\"elementor-element elementor-element-37a5ea2 e-flex e-con-boxed e-con e-parent\" data-id=\"37a5ea2\" data-element_type=\"container\" data-settings=\"{&quot;background_background&quot;:&quot;video&quot;,&quot;background_video_link&quot;:&quot;https:\\\/\\\/powerprobe.com\\\/wp-content\\\/uploads\\\/2025\\\/05\\\/video-home.mp4&quot;,&quot;background_play_on_mobile&quot;:&quot;yes&quot;}\">\n\t\t\t\t\t<div class=\"e-con-inner\">\n\t\t<div class=\"elementor-background-video-container\" aria-hidden=\"true\">\n\t\t\t\t\t\t\t<video class=\"elementor-background-video-hosted\" autoplay muted playsinline loop><\/video>\n\t\t\t\t\t<\/div>\t\t<div class=\"elementor-element elementor-element-12f034f idxInner elementor-widget elementor-widget-text-editor\" data-id=\"12f034f\" data-element_type=\"widget\" data-widget_type=\"text-editor.default\">\n\t\t\t\t<div class=\"elementor-widget-container\">\n\t\t\t\t\t\t\t\t\t<div class=\"slogan\">KIT DE PRUEBAS EL\u00c9CTRICAS POWER PROBE<\/div>\n<h2 class=\"idxTitle\">Diagn\u00f3sticos el\u00e9ctricos en una amplia gama de aplicaciones<\/h2>\n\t\t\t\t\t\t\t\t<\/div>\n\t\t\t\t<\/div>\n\t\t\t\t\t<\/div>\n\t\t\t\t<\/div>\n\t\t<div class=\"elementor-element elementor-element-3743047 e-con-full e-flex e-con e-parent\" data-id=\"3743047\" data-element_type=\"container\">\n\t\t\t\t<div class=\"elementor-element elementor-element-ad4a415 elementor-widget elementor-widget-heading\" data-id=\"ad4a415\" data-element_type=\"widget\" data-widget_type=\"heading.default\">\n\t\t\t\t<div class=\"elementor-widget-container\">\n\t\t\t\t\t<h2 class=\"elementor-heading-title elementor-size-default\">NOVEDADES<\/h2>\t\t\t\t<\/div>\n\t\t\t\t<\/div>\n\t\t\t\t<div class=\"elementor-element elementor-element-edede41 elementor-widget elementor-widget-shortcode\" data-id=\"edede41\" data-element_type=\"widget\" data-widget_type=\"shortcode.default\">\n\t\t\t\t<div class=\"elementor-widget-container\">\n\t\t\t\t\t\t\t<div class=\"elementor-shortcode\">   <div class=\"swiper-container productSwiper product_0\">\n        <div class=\"swiper-wrapper\">\n                                            <div class=\"swiper-slide\">\n                    <a href=\"https:\/\/powerprobe.com\/es\/ppdraw\/\">\n                        <div class=\"swiper-lazy img swiper-lazy-loaded\"\n                             style=\"background-image: url('https:\/\/powerprobe.com\/wp-content\/uploads\/2025\/06\/20240412171109176-1.jpg');\">\n                        <\/div>\n                        <div class=\"productInner\">\n                           <!-- <div class=\"pTitle swiper-no-swiping\"><\/div>-->\n                            <p class=\"swiper-no-swiping\">PPDRAW<\/p>\n                                                            <div class=\"product-category swiper-no-swiping\">Medidores de corriente de bater\u00eda<\/div>\n                                                    <\/div>\n                    <\/a>\n                <\/div>\n                                            <div class=\"swiper-slide\">\n                    <a href=\"https:\/\/powerprobe.com\/es\/ppfuse\/\">\n                        <div class=\"swiper-lazy img swiper-lazy-loaded\"\n                             style=\"background-image: url('https:\/\/powerprobe.com\/wp-content\/uploads\/2025\/07\/20250131031101692-1-300x300.png');\">\n                        <\/div>\n                        <div class=\"productInner\">\n                           <!-- <div class=\"pTitle swiper-no-swiping\"><\/div>-->\n                            <p class=\"swiper-no-swiping\">FUSE MONITOR<\/p>\n                                                            <div class=\"product-category swiper-no-swiping\">Medidores de corriente de bater\u00eda<\/div>\n                                                    <\/div>\n                    <\/a>\n                <\/div>\n                                            <div class=\"swiper-slide\">\n                    <a href=\"https:\/\/powerprobe.com\/en\/power-probe-ppdrawbattery\/\">\n                        <div class=\"swiper-lazy img swiper-lazy-loaded\"\n                             style=\"background-image: url('https:\/\/powerprobe.com\/wp-content\/uploads\/2026\/03\/PPDRAWBATTERY-PRODUCT-WITH-PACKAGING-e1773150468466-220x300.png');\">\n                        <\/div>\n                        <div class=\"productInner\">\n                           <!-- <div class=\"pTitle swiper-no-swiping\"><\/div>-->\n                            <p class=\"swiper-no-swiping\">Power Probe PPDRAWBATTERY<\/p>\n                                                            <div class=\"product-category swiper-no-swiping\">Battery Current Draw<\/div>\n                                                    <\/div>\n                    <\/a>\n                <\/div>\n                                            <div class=\"swiper-slide\">\n                    <a href=\"https:\/\/powerprobe.com\/en\/power-probe-ppdrawtruck\/\">\n                        <div class=\"swiper-lazy img swiper-lazy-loaded\"\n                             style=\"background-image: url('https:\/\/powerprobe.com\/wp-content\/uploads\/2026\/03\/PPDRAWTRUCK-WITH-PACKAGING-e1773150075856-260x300.png');\">\n                        <\/div>\n                        <div class=\"productInner\">\n                           <!-- <div class=\"pTitle swiper-no-swiping\"><\/div>-->\n                            <p class=\"swiper-no-swiping\">Power Probe PPDRAWTRUCK<\/p>\n                                                            <div class=\"product-category swiper-no-swiping\">Accessories<\/div>\n                                                    <\/div>\n                    <\/a>\n                <\/div>\n                                            <div class=\"swiper-slide\">\n                    <a href=\"https:\/\/powerprobe.com\/es\/ppevtest\/\">\n                        <div class=\"swiper-lazy img swiper-lazy-loaded\"\n                             style=\"background-image: url('https:\/\/powerprobe.com\/wp-content\/uploads\/2025\/07\/20250101031943386-300x300.png');\">\n                        <\/div>\n                        <div class=\"productInner\">\n                           <!-- <div class=\"pTitle swiper-no-swiping\">PPEVTEST<\/div>-->\n                            <p class=\"swiper-no-swiping\">Power Probe PPEVTEST<\/p>\n                                                            <div class=\"product-category swiper-no-swiping\">Seguridad de veh\u00edculos el\u00e9ctricos<\/div>\n                                                    <\/div>\n                    <\/a>\n                <\/div>\n                                            <div class=\"swiper-slide\">\n                    <a href=\"https:\/\/powerprobe.com\/en\/power-probe-ppmultitorch\/\">\n                        <div class=\"swiper-lazy img swiper-lazy-loaded\"\n                             style=\"background-image: url('https:\/\/powerprobe.com\/wp-content\/uploads\/2026\/03\/400c054b-6a1f-46e1-9943-84d0ee7def13-300x225.png');\">\n                        <\/div>\n                        <div class=\"productInner\">\n                           <!-- <div class=\"pTitle swiper-no-swiping\"><\/div>-->\n                            <p class=\"swiper-no-swiping\">Power Probe PPMULTITORCH<\/p>\n                                                            <div class=\"product-category swiper-no-swiping\">Solders and Torches<\/div>\n                                                    <\/div>\n                    <\/a>\n                <\/div>\n                                            <div class=\"swiper-slide\">\n                    <a href=\"https:\/\/powerprobe.com\/en\/power-probe-ppcase\/\">\n                        <div class=\"swiper-lazy img swiper-lazy-loaded\"\n                             style=\"background-image: url('https:\/\/powerprobe.com\/wp-content\/uploads\/2026\/03\/PPCASE-CLOSED-300x265.png');\">\n                        <\/div>\n                        <div class=\"productInner\">\n                           <!-- <div class=\"pTitle swiper-no-swiping\"><\/div>-->\n                            <p class=\"swiper-no-swiping\">Power Probe PPCASE<\/p>\n                                                            <div class=\"product-category swiper-no-swiping\">Accessories<\/div>\n                                                    <\/div>\n                    <\/a>\n                <\/div>\n                                            <div class=\"swiper-slide\">\n                    <a href=\"https:\/\/powerprobe.com\/es\/dm600max\/\">\n                        <div class=\"swiper-lazy img swiper-lazy-loaded\"\n                             style=\"background-image: url('https:\/\/powerprobe.com\/wp-content\/uploads\/2025\/06\/perfil-4-300x300.png');\">\n                        <\/div>\n                        <div class=\"productInner\">\n                           <!-- <div class=\"pTitle swiper-no-swiping\"><\/div>-->\n                            <p class=\"swiper-no-swiping\">DM600MAX<\/p>\n                                                            <div class=\"product-category swiper-no-swiping\">Mult\u00edmetros y comprobadores de voltaje<\/div>\n                                                    <\/div>\n                    <\/a>\n                <\/div>\n                                            <div class=\"swiper-slide\">\n                    <a href=\"https:\/\/powerprobe.com\/es\/dm300auto\/\">\n                        <div class=\"swiper-lazy img swiper-lazy-loaded\"\n                             style=\"background-image: url('https:\/\/powerprobe.com\/wp-content\/uploads\/2025\/06\/20241014190751567-300x212.jpg');\">\n                        <\/div>\n                        <div class=\"productInner\">\n                           <!-- <div class=\"pTitle swiper-no-swiping\">DM300AUTO<\/div>-->\n                            <p class=\"swiper-no-swiping\">DM300AUTO<\/p>\n                                                            <div class=\"product-category swiper-no-swiping\">Medidores de corriente de bater\u00eda<\/div>\n                                                    <\/div>\n                    <\/a>\n                <\/div>\n                    <\/div>\n        <div class=\"swiper-button-prev\"><\/div>\n        <div class=\"swiper-button-next\"><\/div>\n        <div class=\"swiper-pagination\" style=\"display:none\"><\/div>\n    <\/div>\n\n    <script>\n    document.addEventListener(\"DOMContentLoaded\", function () {\n        new Swiper('.productSwiper.product_0', {\n            loop: false,\n            slidesPerView: 4,\n            spaceBetween: 22,\n            navigation: {\n                nextEl: '.swiper-button-next',\n                prevEl: '.swiper-button-prev',\n            },\n            pagination: {\n                el: '.swiper-pagination',\n                clickable: true,\n            },\n            lazy: true,\n            breakpoints: {\n                1024: { slidesPerView: 4 },\n                768:  { slidesPerView: 2 },\n                480:  { slidesPerView: 1 },\n\t\t\t\t0: {slidesPerView: 1.2, spaceBetween: 10}\n            }\n        });\n    });\n    <\/script>\n\n    <\/div>\n\t\t\t\t\t\t<\/div>\n\t\t\t\t<\/div>\n\t\t\t\t<\/div>\n\t\t<div class=\"elementor-element elementor-element-71bb053 e-con-full e-flex e-con e-parent\" data-id=\"71bb053\" data-element_type=\"container\">\n\t\t\t\t<div class=\"elementor-element elementor-element-d6ca793 elementor-widget elementor-widget-shortcode\" data-id=\"d6ca793\" data-element_type=\"widget\" data-widget_type=\"shortcode.default\">\n\t\t\t\t<div class=\"elementor-widget-container\">\n\t\t\t\t\t\t\t<div class=\"elementor-shortcode\"><div class=\"custom-categories-wrapper\"><div class=\"category-box\"><a href=\"https:\/\/powerprobe.com\/es\/comprobadores-de-circuitos\/\"><div class=\"category-thumbnail\" style=\"background-image: url(https:\/\/powerprobe.com\/wp-content\/uploads\/2025\/06\/ct.png);\"><h3 class=\"cTitle tituloInicio\">Comprobadores de circuitos<\/h3><\/div><\/a><\/div><div class=\"category-box\"><a href=\"https:\/\/powerprobe.com\/es\/accesorios\/\"><div class=\"category-thumbnail\" style=\"background-image: url(https:\/\/powerprobe.com\/wp-content\/uploads\/2025\/06\/pa.png);\"><h3 class=\"cTitle tituloInicio\">Accesorios<\/h3><\/div><\/a><\/div><div class=\"category-box\"><a href=\"https:\/\/powerprobe.com\/es\/medidores-de-corriente-de-bateria\/\"><div class=\"category-thumbnail\" style=\"background-image: url(https:\/\/powerprobe.com\/wp-content\/uploads\/2025\/06\/20240729191358931-e1769596570943.jpg);\"><h3 class=\"cTitle tituloInicio\">Medidores de corriente de bater\u00eda<\/h3><\/div><\/a><\/div><div class=\"category-box\"><a href=\"https:\/\/powerprobe.com\/es\/seguridad-de-vehiculos-electricos\/\"><div class=\"category-thumbnail\" style=\"background-image: url(https:\/\/powerprobe.com\/wp-content\/uploads\/2025\/07\/20250201043831628.jpg);\"><h3 class=\"cTitle tituloInicio\">Seguridad de veh\u00edculos el\u00e9ctricos<\/h3><\/div><\/a><\/div><div class=\"category-box\"><a href=\"https:\/\/powerprobe.com\/es\/multimetros-y-comprobadores-de-voltaje\/\"><div class=\"category-thumbnail\" style=\"background-image: url(https:\/\/powerprobe.com\/wp-content\/uploads\/2026\/01\/IMG_8546-e1769596013739.jpg);\"><h3 class=\"cTitle tituloInicio\">Mult\u00edmetros y comprobadores de voltaje<\/h3><\/div><\/a><\/div><div class=\"category-box\"><a href=\"https:\/\/powerprobe.com\/es\/temperatura\/\"><div class=\"category-thumbnail\" style=\"background-image: url(https:\/\/powerprobe.com\/wp-content\/uploads\/2025\/06\/20211117143420727.png);\"><h3 class=\"cTitle tituloInicio\">Temperatura<\/h3><\/div><\/a><\/div><div class=\"category-box\"><a href=\"https:\/\/powerprobe.com\/es\/soldadores-y-sopletes\/\"><div class=\"category-thumbnail\" style=\"background-image: url(https:\/\/powerprobe.com\/wp-content\/uploads\/2025\/07\/20220126143204946.png);\"><h3 class=\"cTitle tituloInicio\">Soldadores y sopletes<\/h3><\/div><\/a><\/div><div class=\"category-box\"><a href=\"https:\/\/powerprobe.com\/es\/herramientas-complementarias\/\"><div class=\"category-thumbnail\" style=\"background-image: url(https:\/\/powerprobe.com\/wp-content\/uploads\/2025\/06\/20211117094439168.png);\"><h3 class=\"cTitle tituloInicio\">Herramientas complementarias<\/h3><\/div><\/a><\/div><div class=\"category-box\"><a href=\"https:\/\/powerprobe.com\/es\/measuring-tools\/\"><div class=\"category-thumbnail\" style=\"background-image: url();\"><h3 class=\"cTitle tituloInicio\">Measuring Tools<\/h3><\/div><\/a><\/div><\/div><\/div>\n\t\t\t\t\t\t<\/div>\n\t\t\t\t<\/div>\n\t\t\t\t<\/div>\n\t\t\t\t<\/div>\n\t\t","protected":false},"excerpt":{"rendered":"<p>KIT DE PRUEBAS EL\u00c9CTRICAS POWER PROBE Diagn\u00f3sticos el\u00e9ctricos en una amplia gama de aplicaciones NOVEDADES<\/p>\n","protected":false},"author":2,"featured_media":0,"parent":0,"menu_order":0,"comment_status":"closed","ping_status":"closed","template":"elementor_header_footer","meta":{"_acf_changed":false,"footnotes":""},"class_list":["post-30","page","type-page","status-publish","hentry"],"acf":[],"_links":{"self":[{"href":"https:\/\/powerprobe.com\/es\/wp-json\/wp\/v2\/pages\/30","targetHints":{"allow":["GET"]}}],"collection":[{"href":"https:\/\/powerprobe.com\/es\/wp-json\/wp\/v2\/pages"}],"about":[{"href":"https:\/\/powerprobe.com\/es\/wp-json\/wp\/v2\/types\/page"}],"author":[{"embeddable":true,"href":"https:\/\/powerprobe.com\/es\/wp-json\/wp\/v2\/users\/2"}],"replies":[{"embeddable":true,"href":"https:\/\/powerprobe.com\/es\/wp-json\/wp\/v2\/comments?post=30"}],"version-history":[{"count":20,"href":"https:\/\/powerprobe.com\/es\/wp-json\/wp\/v2\/pages\/30\/revisions"}],"predecessor-version":[{"id":1746,"href":"https:\/\/powerprobe.com\/es\/wp-json\/wp\/v2\/pages\/30\/revisions\/1746"}],"wp:attachment":[{"href":"https:\/\/powerprobe.com\/es\/wp-json\/wp\/v2\/media?parent=30"}],"curies":[{"name":"wp","href":"https:\/\/api.w.org\/{rel}","templated":true}]}}