{"id":3137,"date":"2025-10-08T13:51:36","date_gmt":"2025-10-08T13:51:36","guid":{"rendered":"https:\/\/powerprobe.com\/comunicaciones\/"},"modified":"2025-12-02T16:14:59","modified_gmt":"2025-12-02T16:14:59","slug":"comunicaciones","status":"publish","type":"page","link":"https:\/\/powerprobe.com\/es\/comunicaciones\/","title":{"rendered":"Comunicaciones"},"content":{"rendered":"\t\t<div data-elementor-type=\"wp-post\" data-elementor-id=\"3137\" class=\"elementor elementor-3137 elementor-1972\" data-elementor-post-type=\"page\">\n\t\t\t\t<div class=\"elementor-element elementor-element-9918b33 e-flex e-con-boxed e-con e-parent\" data-id=\"9918b33\" data-element_type=\"container\" data-settings=\"{&quot;background_background&quot;:&quot;classic&quot;}\">\n\t\t\t\t\t<div class=\"e-con-inner\">\n\t\t<div class=\"elementor-element elementor-element-761c5e7 e-con-full e-flex e-con e-child\" data-id=\"761c5e7\" data-element_type=\"container\" data-settings=\"{&quot;background_background&quot;:&quot;classic&quot;,&quot;position&quot;:&quot;absolute&quot;}\">\n\t\t\t\t<div class=\"elementor-element elementor-element-52dcd5e elementor-widget elementor-widget-heading\" data-id=\"52dcd5e\" data-element_type=\"widget\" data-widget_type=\"heading.default\">\n\t\t\t\t<div class=\"elementor-widget-container\">\n\t\t\t\t\t<h3 class=\"elementor-heading-title elementor-size-default\">Comunicaciones<\/h3>\t\t\t\t<\/div>\n\t\t\t\t<\/div>\n\t\t\t\t<div class=\"elementor-element elementor-element-d2c4a5a elementor-widget elementor-widget-woocommerce-breadcrumb\" data-id=\"d2c4a5a\" data-element_type=\"widget\" data-widget_type=\"woocommerce-breadcrumb.default\">\n\t\t\t\t<div class=\"elementor-widget-container\">\n\t\t\t\t\t<nav class=\"woocommerce-breadcrumb\" aria-label=\"Breadcrumb\">Inicio<\/nav>\t\t\t\t<\/div>\n\t\t\t\t<\/div>\n\t\t\t\t<\/div>\n\t\t\t\t\t<\/div>\n\t\t\t\t<\/div>\n\t\t<div class=\"elementor-element elementor-element-125dd7b e-flex e-con-boxed e-con e-parent\" data-id=\"125dd7b\" data-element_type=\"container\">\n\t\t\t\t\t<div class=\"e-con-inner\">\n\t\t\t\t<div class=\"elementor-element elementor-element-6e77404 elementor-widget elementor-widget-spacer\" data-id=\"6e77404\" data-element_type=\"widget\" data-widget_type=\"spacer.default\">\n\t\t\t\t<div class=\"elementor-widget-container\">\n\t\t\t\t\t\t\t<div class=\"elementor-spacer\">\n\t\t\t<div class=\"elementor-spacer-inner\"><\/div>\n\t\t<\/div>\n\t\t\t\t\t\t<\/div>\n\t\t\t\t<\/div>\n\t\t\t\t<div class=\"elementor-element elementor-element-a65b346 elementor-grid-3 elementor-grid-tablet-2 elementor-grid-mobile-1 elementor-posts--thumbnail-top elementor-card-shadow-yes elementor-posts__hover-gradient elementor-widget elementor-widget-posts\" data-id=\"a65b346\" data-element_type=\"widget\" data-settings=\"{&quot;cards_columns&quot;:&quot;3&quot;,&quot;cards_columns_tablet&quot;:&quot;2&quot;,&quot;cards_columns_mobile&quot;:&quot;1&quot;,&quot;cards_row_gap&quot;:{&quot;unit&quot;:&quot;px&quot;,&quot;size&quot;:35,&quot;sizes&quot;:[]},&quot;cards_row_gap_tablet&quot;:{&quot;unit&quot;:&quot;px&quot;,&quot;size&quot;:&quot;&quot;,&quot;sizes&quot;:[]},&quot;cards_row_gap_mobile&quot;:{&quot;unit&quot;:&quot;px&quot;,&quot;size&quot;:&quot;&quot;,&quot;sizes&quot;:[]}}\" data-widget_type=\"posts.cards\">\n\t\t\t\t<div class=\"elementor-widget-container\">\n\t\t\t\t\t\t\t<div class=\"elementor-posts-container elementor-posts elementor-posts--skin-cards elementor-grid\" role=\"list\">\n\t\t\t\t<article class=\"elementor-post elementor-grid-item post-3143 post type-post status-publish format-standard has-post-thumbnail hentry\" role=\"listitem\">\n\t\t\t<div class=\"elementor-post__card\">\n\t\t\t\t<a class=\"elementor-post__thumbnail__link\" href=\"https:\/\/powerprobe.com\/es\/el-ppdraw-gana-el-premio-a-la-innovacion-pten-2025-en-arranque-y-carga-de-baterias\/\" tabindex=\"-1\" ><div class=\"elementor-post__thumbnail\"><img fetchpriority=\"high\" decoding=\"async\" width=\"300\" height=\"251\" src=\"https:\/\/powerprobe.com\/wp-content\/uploads\/2025\/10\/Copy-of-Post-de-Facebook-campeonato-de-futbol-deportivo-moderno-azul-y-blanco-300x251.jpg\" class=\"attachment-medium size-medium wp-image-1988\" alt=\"\" srcset=\"https:\/\/powerprobe.com\/wp-content\/uploads\/2025\/10\/Copy-of-Post-de-Facebook-campeonato-de-futbol-deportivo-moderno-azul-y-blanco-300x251.jpg 300w, https:\/\/powerprobe.com\/wp-content\/uploads\/2025\/10\/Copy-of-Post-de-Facebook-campeonato-de-futbol-deportivo-moderno-azul-y-blanco-768x644.jpg 768w, https:\/\/powerprobe.com\/wp-content\/uploads\/2025\/10\/Copy-of-Post-de-Facebook-campeonato-de-futbol-deportivo-moderno-azul-y-blanco-600x503.jpg 600w, https:\/\/powerprobe.com\/wp-content\/uploads\/2025\/10\/Copy-of-Post-de-Facebook-campeonato-de-futbol-deportivo-moderno-azul-y-blanco.jpg 940w\" sizes=\"(max-width: 300px) 100vw, 300px\" \/><\/div><\/a>\n\t\t\t\t<div class=\"elementor-post__text\">\n\t\t\t\t<h3 class=\"elementor-post__title\">\n\t\t\t<a href=\"https:\/\/powerprobe.com\/es\/el-ppdraw-gana-el-premio-a-la-innovacion-pten-2025-en-arranque-y-carga-de-baterias\/\" >\n\t\t\t\tEl PPDRAW gana el Premio a la Innovaci\u00f3n PTEN 2025 en Arranque y Carga de Bater\u00edas.\t\t\t<\/a>\n\t\t<\/h3>\n\t\t\n\t\t<a class=\"elementor-post__read-more\" href=\"https:\/\/powerprobe.com\/es\/el-ppdraw-gana-el-premio-a-la-innovacion-pten-2025-en-arranque-y-carga-de-baterias\/\" aria-label=\"M\u00e1s informaci\u00f3n sobre El PPDRAW gana el Premio a la Innovaci\u00f3n PTEN 2025 en Arranque y Carga de Bater\u00edas.\" tabindex=\"-1\" >\n\t\t\tLeer m\u00e1s \u00bb\t\t<\/a>\n\n\t\t\t\t<\/div>\n\t\t\t\t<div class=\"elementor-post__meta-data\">\n\t\t\t\t\t<span class=\"elementor-post-date\">\n\t\t\tseptiembre 3, 2025\t\t<\/span>\n\t\t\t\t<\/div>\n\t\t\t\t\t<\/div>\n\t\t<\/article>\n\t\t\t\t<article class=\"elementor-post elementor-grid-item post-3147 post type-post status-publish format-standard has-post-thumbnail hentry\" role=\"listitem\">\n\t\t\t<div class=\"elementor-post__card\">\n\t\t\t\t<a class=\"elementor-post__thumbnail__link\" href=\"https:\/\/powerprobe.com\/es\/power-probe-aterriza-en-el-reino-unido-automechanika-birmingham-2025\/\" tabindex=\"-1\" ><div class=\"elementor-post__thumbnail\"><img decoding=\"async\" width=\"300\" height=\"225\" src=\"https:\/\/powerprobe.com\/wp-content\/uploads\/2025\/10\/Imagen-de-WhatsApp-2025-06-05-a-las-14.07.28_1c52f56b-300x225.jpg\" class=\"attachment-medium size-medium wp-image-1980\" alt=\"\" srcset=\"https:\/\/powerprobe.com\/wp-content\/uploads\/2025\/10\/Imagen-de-WhatsApp-2025-06-05-a-las-14.07.28_1c52f56b-300x225.jpg 300w, https:\/\/powerprobe.com\/wp-content\/uploads\/2025\/10\/Imagen-de-WhatsApp-2025-06-05-a-las-14.07.28_1c52f56b-1024x768.jpg 1024w, https:\/\/powerprobe.com\/wp-content\/uploads\/2025\/10\/Imagen-de-WhatsApp-2025-06-05-a-las-14.07.28_1c52f56b-768x576.jpg 768w, https:\/\/powerprobe.com\/wp-content\/uploads\/2025\/10\/Imagen-de-WhatsApp-2025-06-05-a-las-14.07.28_1c52f56b-1536x1152.jpg 1536w, https:\/\/powerprobe.com\/wp-content\/uploads\/2025\/10\/Imagen-de-WhatsApp-2025-06-05-a-las-14.07.28_1c52f56b-600x450.jpg 600w, https:\/\/powerprobe.com\/wp-content\/uploads\/2025\/10\/Imagen-de-WhatsApp-2025-06-05-a-las-14.07.28_1c52f56b.jpg 1600w\" sizes=\"(max-width: 300px) 100vw, 300px\" \/><\/div><\/a>\n\t\t\t\t<div class=\"elementor-post__text\">\n\t\t\t\t<h3 class=\"elementor-post__title\">\n\t\t\t<a href=\"https:\/\/powerprobe.com\/es\/power-probe-aterriza-en-el-reino-unido-automechanika-birmingham-2025\/\" >\n\t\t\t\t**Power Probe aterriza en el Reino Unido \u2013 Automechanika Birmingham 2025**\t\t\t<\/a>\n\t\t<\/h3>\n\t\t\n\t\t<a class=\"elementor-post__read-more\" href=\"https:\/\/powerprobe.com\/es\/power-probe-aterriza-en-el-reino-unido-automechanika-birmingham-2025\/\" aria-label=\"M\u00e1s informaci\u00f3n sobre **Power Probe aterriza en el Reino Unido \u2013 Automechanika Birmingham 2025**\" tabindex=\"-1\" >\n\t\t\tLeer m\u00e1s \u00bb\t\t<\/a>\n\n\t\t\t\t<\/div>\n\t\t\t\t<div class=\"elementor-post__meta-data\">\n\t\t\t\t\t<span class=\"elementor-post-date\">\n\t\t\tjunio 5, 2025\t\t<\/span>\n\t\t\t\t<\/div>\n\t\t\t\t\t<\/div>\n\t\t<\/article>\n\t\t\t\t<article class=\"elementor-post elementor-grid-item post-3149 post type-post status-publish format-standard has-post-thumbnail hentry\" role=\"listitem\">\n\t\t\t<div class=\"elementor-post__card\">\n\t\t\t\t<a class=\"elementor-post__thumbnail__link\" href=\"https:\/\/powerprobe.com\/es\/ppfuse-fuse-monitor-pruebas-de-circuitos-con-precision-de-forma-sencilla\/\" tabindex=\"-1\" ><div class=\"elementor-post__thumbnail\"><img decoding=\"async\" width=\"300\" height=\"200\" src=\"https:\/\/powerprobe.com\/wp-content\/uploads\/2025\/07\/20250131033023830-300x200.jpg\" class=\"attachment-medium size-medium wp-image-1089\" alt=\"\" srcset=\"https:\/\/powerprobe.com\/wp-content\/uploads\/2025\/07\/20250131033023830-300x200.jpg 300w, https:\/\/powerprobe.com\/wp-content\/uploads\/2025\/07\/20250131033023830-1024x683.jpg 1024w, https:\/\/powerprobe.com\/wp-content\/uploads\/2025\/07\/20250131033023830-768x512.jpg 768w, https:\/\/powerprobe.com\/wp-content\/uploads\/2025\/07\/20250131033023830-1536x1024.jpg 1536w, https:\/\/powerprobe.com\/wp-content\/uploads\/2025\/07\/20250131033023830-600x400.jpg 600w, https:\/\/powerprobe.com\/wp-content\/uploads\/2025\/07\/20250131033023830.jpg 2048w\" sizes=\"(max-width: 300px) 100vw, 300px\" \/><\/div><\/a>\n\t\t\t\t<div class=\"elementor-post__text\">\n\t\t\t\t<h3 class=\"elementor-post__title\">\n\t\t\t<a href=\"https:\/\/powerprobe.com\/es\/ppfuse-fuse-monitor-pruebas-de-circuitos-con-precision-de-forma-sencilla\/\" >\n\t\t\t\t**PPFUSE Fuse Monitor: Pruebas de circuitos con precisi\u00f3n, de forma sencilla**\t\t\t<\/a>\n\t\t<\/h3>\n\t\t\n\t\t<a class=\"elementor-post__read-more\" href=\"https:\/\/powerprobe.com\/es\/ppfuse-fuse-monitor-pruebas-de-circuitos-con-precision-de-forma-sencilla\/\" aria-label=\"M\u00e1s informaci\u00f3n sobre **PPFUSE Fuse Monitor: Pruebas de circuitos con precisi\u00f3n, de forma sencilla**\" tabindex=\"-1\" >\n\t\t\tLeer m\u00e1s \u00bb\t\t<\/a>\n\n\t\t\t\t<\/div>\n\t\t\t\t<div class=\"elementor-post__meta-data\">\n\t\t\t\t\t<span class=\"elementor-post-date\">\n\t\t\tmarzo 1, 2025\t\t<\/span>\n\t\t\t\t<\/div>\n\t\t\t\t\t<\/div>\n\t\t<\/article>\n\t\t\t\t<article class=\"elementor-post elementor-grid-item post-3151 post type-post status-publish format-standard has-post-thumbnail hentry\" role=\"listitem\">\n\t\t\t<div class=\"elementor-post__card\">\n\t\t\t\t<a class=\"elementor-post__thumbnail__link\" href=\"https:\/\/powerprobe.com\/es\/dm300auto-tu-nuevo-multimetro-automotriz-power-probe\/\" tabindex=\"-1\" ><div class=\"elementor-post__thumbnail\"><img loading=\"lazy\" decoding=\"async\" width=\"300\" height=\"200\" src=\"https:\/\/powerprobe.com\/wp-content\/uploads\/2025\/07\/20250201043831628-300x200.jpg\" class=\"attachment-medium size-medium wp-image-1489\" alt=\"\" srcset=\"https:\/\/powerprobe.com\/wp-content\/uploads\/2025\/07\/20250201043831628-300x200.jpg 300w, https:\/\/powerprobe.com\/wp-content\/uploads\/2025\/07\/20250201043831628-1024x683.jpg 1024w, https:\/\/powerprobe.com\/wp-content\/uploads\/2025\/07\/20250201043831628-768x512.jpg 768w, https:\/\/powerprobe.com\/wp-content\/uploads\/2025\/07\/20250201043831628-1536x1024.jpg 1536w, https:\/\/powerprobe.com\/wp-content\/uploads\/2025\/07\/20250201043831628-600x400.jpg 600w, https:\/\/powerprobe.com\/wp-content\/uploads\/2025\/07\/20250201043831628.jpg 2048w\" sizes=\"(max-width: 300px) 100vw, 300px\" \/><\/div><\/a>\n\t\t\t\t<div class=\"elementor-post__text\">\n\t\t\t\t<h3 class=\"elementor-post__title\">\n\t\t\t<a href=\"https:\/\/powerprobe.com\/es\/dm300auto-tu-nuevo-multimetro-automotriz-power-probe\/\" >\n\t\t\t\tDM300AUTO: tu nuevo mult\u00edmetro automotriz Power Probe\t\t\t<\/a>\n\t\t<\/h3>\n\t\t\n\t\t<a class=\"elementor-post__read-more\" href=\"https:\/\/powerprobe.com\/es\/dm300auto-tu-nuevo-multimetro-automotriz-power-probe\/\" aria-label=\"M\u00e1s informaci\u00f3n sobre DM300AUTO: tu nuevo mult\u00edmetro automotriz Power Probe\" tabindex=\"-1\" >\n\t\t\tLeer m\u00e1s \u00bb\t\t<\/a>\n\n\t\t\t\t<\/div>\n\t\t\t\t<div class=\"elementor-post__meta-data\">\n\t\t\t\t\t<span class=\"elementor-post-date\">\n\t\t\tenero 21, 2025\t\t<\/span>\n\t\t\t\t<\/div>\n\t\t\t\t\t<\/div>\n\t\t<\/article>\n\t\t\t\t<article class=\"elementor-post elementor-grid-item post-3155 post type-post status-publish format-standard has-post-thumbnail hentry\" role=\"listitem\">\n\t\t\t<div class=\"elementor-post__card\">\n\t\t\t\t<a class=\"elementor-post__thumbnail__link\" href=\"https:\/\/powerprobe.com\/es\/innovacion-en-el-sema-show-de-las-vegas\/\" tabindex=\"-1\" ><div class=\"elementor-post__thumbnail\"><img loading=\"lazy\" decoding=\"async\" width=\"300\" height=\"200\" src=\"https:\/\/powerprobe.com\/wp-content\/uploads\/2025\/10\/485276634_1071638135001578_8859674411720652454_n-300x200.jpg\" class=\"attachment-medium size-medium wp-image-1978\" alt=\"\" srcset=\"https:\/\/powerprobe.com\/wp-content\/uploads\/2025\/10\/485276634_1071638135001578_8859674411720652454_n-300x200.jpg 300w, https:\/\/powerprobe.com\/wp-content\/uploads\/2025\/10\/485276634_1071638135001578_8859674411720652454_n-1024x683.jpg 1024w, https:\/\/powerprobe.com\/wp-content\/uploads\/2025\/10\/485276634_1071638135001578_8859674411720652454_n-768x512.jpg 768w, https:\/\/powerprobe.com\/wp-content\/uploads\/2025\/10\/485276634_1071638135001578_8859674411720652454_n-1536x1024.jpg 1536w, https:\/\/powerprobe.com\/wp-content\/uploads\/2025\/10\/485276634_1071638135001578_8859674411720652454_n-600x400.jpg 600w, https:\/\/powerprobe.com\/wp-content\/uploads\/2025\/10\/485276634_1071638135001578_8859674411720652454_n.jpg 2048w\" sizes=\"(max-width: 300px) 100vw, 300px\" \/><\/div><\/a>\n\t\t\t\t<div class=\"elementor-post__text\">\n\t\t\t\t<h3 class=\"elementor-post__title\">\n\t\t\t<a href=\"https:\/\/powerprobe.com\/es\/innovacion-en-el-sema-show-de-las-vegas\/\" >\n\t\t\t\tInnovaci\u00f3n en el SEMA Show de Las Vegas\t\t\t<\/a>\n\t\t<\/h3>\n\t\t\n\t\t<a class=\"elementor-post__read-more\" href=\"https:\/\/powerprobe.com\/es\/innovacion-en-el-sema-show-de-las-vegas\/\" aria-label=\"M\u00e1s informaci\u00f3n sobre Innovaci\u00f3n en el SEMA Show de Las Vegas\" tabindex=\"-1\" >\n\t\t\tLeer m\u00e1s \u00bb\t\t<\/a>\n\n\t\t\t\t<\/div>\n\t\t\t\t<div class=\"elementor-post__meta-data\">\n\t\t\t\t\t<span class=\"elementor-post-date\">\n\t\t\tnoviembre 9, 2024\t\t<\/span>\n\t\t\t\t<\/div>\n\t\t\t\t\t<\/div>\n\t\t<\/article>\n\t\t\t\t<article class=\"elementor-post elementor-grid-item post-3157 post type-post status-publish format-standard has-post-thumbnail hentry\" role=\"listitem\">\n\t\t\t<div class=\"elementor-post__card\">\n\t\t\t\t<a class=\"elementor-post__thumbnail__link\" href=\"https:\/\/powerprobe.com\/es\/ppdraw-tu-nuevo-monitor-de-corriente-parasita\/\" tabindex=\"-1\" ><div class=\"elementor-post__thumbnail\"><img loading=\"lazy\" decoding=\"async\" width=\"300\" height=\"200\" src=\"https:\/\/powerprobe.com\/wp-content\/uploads\/2025\/06\/20240729191358931-300x200.jpg\" class=\"attachment-medium size-medium wp-image-1075\" alt=\"\" srcset=\"https:\/\/powerprobe.com\/wp-content\/uploads\/2025\/06\/20240729191358931-300x200.jpg 300w, https:\/\/powerprobe.com\/wp-content\/uploads\/2025\/06\/20240729191358931-1024x683.jpg 1024w, https:\/\/powerprobe.com\/wp-content\/uploads\/2025\/06\/20240729191358931-768x512.jpg 768w, https:\/\/powerprobe.com\/wp-content\/uploads\/2025\/06\/20240729191358931-1536x1024.jpg 1536w, https:\/\/powerprobe.com\/wp-content\/uploads\/2025\/06\/20240729191358931-600x400.jpg 600w, https:\/\/powerprobe.com\/wp-content\/uploads\/2025\/06\/20240729191358931.jpg 1800w\" sizes=\"(max-width: 300px) 100vw, 300px\" \/><\/div><\/a>\n\t\t\t\t<div class=\"elementor-post__text\">\n\t\t\t\t<h3 class=\"elementor-post__title\">\n\t\t\t<a href=\"https:\/\/powerprobe.com\/es\/ppdraw-tu-nuevo-monitor-de-corriente-parasita\/\" >\n\t\t\t\tPPDRAW, tu nuevo monitor de corriente par\u00e1sita\t\t\t<\/a>\n\t\t<\/h3>\n\t\t\n\t\t<a class=\"elementor-post__read-more\" href=\"https:\/\/powerprobe.com\/es\/ppdraw-tu-nuevo-monitor-de-corriente-parasita\/\" aria-label=\"M\u00e1s informaci\u00f3n sobre PPDRAW, tu nuevo monitor de corriente par\u00e1sita\" tabindex=\"-1\" >\n\t\t\tLeer m\u00e1s \u00bb\t\t<\/a>\n\n\t\t\t\t<\/div>\n\t\t\t\t<div class=\"elementor-post__meta-data\">\n\t\t\t\t\t<span class=\"elementor-post-date\">\n\t\t\tjunio 4, 2024\t\t<\/span>\n\t\t\t\t<\/div>\n\t\t\t\t\t<\/div>\n\t\t<\/article>\n\t\t\t\t<\/div>\n\t\t\n\t\t\t\t\t\t<\/div>\n\t\t\t\t<\/div>\n\t\t\t\t\t<\/div>\n\t\t\t\t<\/div>\n\t\t\t\t<\/div>\n\t\t","protected":false},"excerpt":{"rendered":"","protected":false},"author":2,"featured_media":0,"parent":0,"menu_order":0,"comment_status":"closed","ping_status":"closed","template":"elementor_header_footer","meta":{"_acf_changed":false,"footnotes":""},"class_list":["post-3137","page","type-page","status-publish","hentry"],"acf":[],"_links":{"self":[{"href":"https:\/\/powerprobe.com\/es\/wp-json\/wp\/v2\/pages\/3137","targetHints":{"allow":["GET"]}}],"collection":[{"href":"https:\/\/powerprobe.com\/es\/wp-json\/wp\/v2\/pages"}],"about":[{"href":"https:\/\/powerprobe.com\/es\/wp-json\/wp\/v2\/types\/page"}],"author":[{"embeddable":true,"href":"https:\/\/powerprobe.com\/es\/wp-json\/wp\/v2\/users\/2"}],"replies":[{"embeddable":true,"href":"https:\/\/powerprobe.com\/es\/wp-json\/wp\/v2\/comments?post=3137"}],"version-history":[{"count":1,"href":"https:\/\/powerprobe.com\/es\/wp-json\/wp\/v2\/pages\/3137\/revisions"}],"predecessor-version":[{"id":3138,"href":"https:\/\/powerprobe.com\/es\/wp-json\/wp\/v2\/pages\/3137\/revisions\/3138"}],"wp:attachment":[{"href":"https:\/\/powerprobe.com\/es\/wp-json\/wp\/v2\/media?parent=3137"}],"curies":[{"name":"wp","href":"https:\/\/api.w.org\/{rel}","templated":true}]}}